{"id":10,"date":"2022-04-08T12:23:21","date_gmt":"2022-04-08T10:23:21","guid":{"rendered":"http:\/\/www.mtup.cz\/?page_id=10"},"modified":"2024-09-30T21:23:14","modified_gmt":"2024-09-30T19:23:14","slug":"kontakt","status":"publish","type":"page","link":"https:\/\/www.mtup.cz\/index.php\/kontakt\/","title":{"rendered":""},"content":{"rendered":"<p>\n\n\n<h2 class=\"wp-block-heading\">MT-UPpon s. r. o.<\/h2>\n\n\n\n<p><br>\u0160t\u011bpa\u0159sk\u00e1 980\/17, Hlubo\u010depy, 152 00 Praha<\/p>\n\n\n\n<p>I\u010cO:14226413,\u00a0DI\u010c: CZ14226413\u00a0<\/p>\n\n\n\n<p>zaps\u00e1no u\u00a0M\u011bstsk\u00e9ho\u00a0 soudu v\u00a0Praze pod zna\u010dkou\u00a0C 362348\/MSPH<\/p>\n\n\n\n<h6 class=\"wp-block-heading\">info@mtup.cz<\/h6>\n\n\n<\/p>\n<p>\n\n<\/p>\n<p>\n\n<\/p>\n<p>\n\n<\/p>\n<p>\n\n<\/p>\n<p>\n\n<\/p>\n\n\n<p><\/p>\n","protected":false},"excerpt":{"rendered":"<p>MT-UPpon s. r. o. \u0160t\u011bpa\u0159sk\u00e1 980\/17, Hlubo\u010depy, 152 00 Praha I\u010cO:14226413,\u00a0DI\u010c: CZ14226413\u00a0 zaps\u00e1no u\u00a0M\u011bstsk\u00e9ho\u00a0 soudu v\u00a0Praze pod zna\u010dkou\u00a0C 362348\/MSPH info@mtup.cz<\/p>\n","protected":false},"author":1,"featured_media":0,"parent":0,"menu_order":0,"comment_status":"closed","ping_status":"closed","template":"","meta":{"footnotes":""},"class_list":["post-10","page","type-page","status-publish","hentry"],"_links":{"self":[{"href":"https:\/\/www.mtup.cz\/index.php\/wp-json\/wp\/v2\/pages\/10","targetHints":{"allow":["GET"]}}],"collection":[{"href":"https:\/\/www.mtup.cz\/index.php\/wp-json\/wp\/v2\/pages"}],"about":[{"href":"https:\/\/www.mtup.cz\/index.php\/wp-json\/wp\/v2\/types\/page"}],"author":[{"embeddable":true,"href":"https:\/\/www.mtup.cz\/index.php\/wp-json\/wp\/v2\/users\/1"}],"replies":[{"embeddable":true,"href":"https:\/\/www.mtup.cz\/index.php\/wp-json\/wp\/v2\/comments?post=10"}],"version-history":[{"count":22,"href":"https:\/\/www.mtup.cz\/index.php\/wp-json\/wp\/v2\/pages\/10\/revisions"}],"predecessor-version":[{"id":141,"href":"https:\/\/www.mtup.cz\/index.php\/wp-json\/wp\/v2\/pages\/10\/revisions\/141"}],"wp:attachment":[{"href":"https:\/\/www.mtup.cz\/index.php\/wp-json\/wp\/v2\/media?parent=10"}],"curies":[{"name":"wp","href":"https:\/\/api.w.org\/{rel}","templated":true}]}}